{"id":9270,"date":"2022-10-31T14:52:14","date_gmt":"2022-10-31T12:52:14","guid":{"rendered":"https:\/\/hostkoss.com\/b\/?page_id=9270"},"modified":"2024-06-17T11:47:34","modified_gmt":"2024-06-17T08:47:34","slug":"blog-hostkoss-com-wszystko-o-hostingu-serwerach-i-stronach-internetowych","status":"publish","type":"page","link":"https:\/\/hostkoss.com\/b\/pl\/","title":{"rendered":"Blog hostkoss.com &#8211; Wszystko o hostingu, serwerach i stronach internetowych"},"content":{"rendered":"<p>Wszystko o hostingu, serwerach i stronach internetowych. Dzi\u0119ki HostKoss b\u0119dziesz mia\u0142 wszystko, czego potrzebujesz, aby \u0142atwo zarz\u0105dza\u0107 swoim serwerem, stron\u0105 internetow\u0105 i domenami.<\/p>\n","protected":false},"excerpt":{"rendered":"<p>Wszystko o hostingu, serwerach i stronach internetowych. Dzi\u0119ki HostKoss b\u0119dziesz mia\u0142 wszystko, czego potrzebujesz, aby \u0142atwo zarz\u0105dza\u0107 swoim serwerem, stron\u0105 internetow\u0105 i domenami.<\/p>\n","protected":false},"author":1,"featured_media":11732,"parent":0,"menu_order":0,"comment_status":"closed","ping_status":"closed","template":"page-templates\/home.php","meta":{"footnotes":""},"class_list":["post-9270","page","type-page","status-publish","has-post-thumbnail","hentry"],"yoast_head":"<!-- This site is optimized with the Yoast SEO Premium plugin v25.4 (Yoast SEO v25.4) - https:\/\/yoast.com\/wordpress\/plugins\/seo\/ -->\n<title>Blog hostkoss.com - Wszystko o hostingu, serwerach i web-saiti<\/title>\n<meta name=\"description\" content=\"Nasz blog to miejsce, w kt\u00f3rym mo\u017cna znale\u017a\u0107 najnowsze wiadomo\u015bci i trendy w budowaniu stron internetowych w bran\u017cy hostingowej. Odwied\u017a blog hostkoss.com\" \/>\n<meta name=\"robots\" content=\"index, follow, max-snippet:-1, max-image-preview:large, max-video-preview:-1\" \/>\n<link rel=\"canonical\" href=\"https:\/\/hostkoss.com\/b\/pl\/\" \/>\n<meta property=\"og:locale\" content=\"en_US\" \/>\n<meta property=\"og:type\" content=\"article\" \/>\n<meta property=\"og:title\" content=\"Blog hostkoss.com - Wszystko o hostingu, serwerach i stronach internetowych\" \/>\n<meta property=\"og:description\" content=\"Nasz blog to miejsce, w kt\u00f3rym mo\u017cna znale\u017a\u0107 najnowsze wiadomo\u015bci i trendy dotycz\u0105ce hostingu stron internetowych. Odwied\u017a blog hostkoss.com\" \/>\n<meta property=\"og:url\" content=\"https:\/\/hostkoss.com\/b\/pl\/\" \/>\n<meta property=\"og:site_name\" content=\"hostkoss blog\" \/>\n<meta property=\"article:publisher\" content=\"https:\/\/facebook.com\/hostkoss\/\" \/>\n<meta property=\"article:modified_time\" content=\"2024-06-17T08:47:34+00:00\" \/>\n<meta property=\"og:image\" content=\"https:\/\/hostkoss.com\/b\/wp-content\/uploads\/2024\/06\/home-hostkoss-pl.webp\" \/>\n\t<meta property=\"og:image:width\" content=\"1615\" \/>\n\t<meta property=\"og:image:height\" content=\"775\" \/>\n\t<meta property=\"og:image:type\" content=\"image\/webp\" \/>\n<meta name=\"twitter:card\" content=\"summary_large_image\" \/>\n<meta name=\"twitter:title\" content=\"Blog hostkoss.com - Wszystko o hostingu, serwerach i stronach internetowych\" \/>\n<meta name=\"twitter:description\" content=\"Nasz blog to miejsce, w kt\u00f3rym mo\u017cna znale\u017a\u0107 najnowsze wiadomo\u015bci i trendy dotycz\u0105ce hostingu stron internetowych. Odwied\u017a blog hostkoss.com\" \/>\n<meta name=\"twitter:image\" content=\"https:\/\/hostkoss.com\/b\/wp-content\/uploads\/2024\/06\/home-hostkoss-pl.webp\" \/>\n<meta name=\"twitter:site\" content=\"@hostkoss\" \/>\n<meta name=\"twitter:label1\" content=\"Est. reading time\" \/>\n\t<meta name=\"twitter:data1\" content=\"1 minute\" \/>\n<script type=\"application\/ld+json\" class=\"yoast-schema-graph\">{\"@context\":\"https:\/\/schema.org\",\"@graph\":[{\"@type\":\"WebPage\",\"@id\":\"https:\/\/hostkoss.com\/b\/pl\/\",\"url\":\"https:\/\/hostkoss.com\/b\/pl\/\",\"name\":\"Blog hostkoss.com - Wszystko o hostingu, serwerach i web-saiti\",\"isPartOf\":{\"@id\":\"https:\/\/hostkoss.com\/b\/#website\"},\"primaryImageOfPage\":{\"@id\":\"https:\/\/hostkoss.com\/b\/pl\/#primaryimage\"},\"image\":{\"@id\":\"https:\/\/hostkoss.com\/b\/pl\/#primaryimage\"},\"thumbnailUrl\":\"https:\/\/hostkoss.com\/b\/wp-content\/uploads\/2024\/06\/home-hostkoss-en.webp\",\"datePublished\":\"2022-10-31T12:52:14+00:00\",\"dateModified\":\"2024-06-17T08:47:34+00:00\",\"description\":\"Nasz blog to miejsce, w kt\u00f3rym mo\u017cna znale\u017a\u0107 najnowsze wiadomo\u015bci i trendy w budowaniu stron internetowych w bran\u017cy hostingowej. Odwied\u017a blog hostkoss.com\",\"breadcrumb\":{\"@id\":\"https:\/\/hostkoss.com\/b\/pl\/#breadcrumb\"},\"inLanguage\":\"en-US\",\"potentialAction\":[{\"@type\":\"ReadAction\",\"target\":[\"https:\/\/hostkoss.com\/b\/pl\/\"]}]},{\"@type\":\"ImageObject\",\"inLanguage\":\"en-US\",\"@id\":\"https:\/\/hostkoss.com\/b\/pl\/#primaryimage\",\"url\":\"https:\/\/hostkoss.com\/b\/wp-content\/uploads\/2024\/06\/home-hostkoss-en.webp\",\"contentUrl\":\"https:\/\/hostkoss.com\/b\/wp-content\/uploads\/2024\/06\/home-hostkoss-en.webp\",\"width\":1576,\"height\":783},{\"@type\":\"BreadcrumbList\",\"@id\":\"https:\/\/hostkoss.com\/b\/pl\/#breadcrumb\",\"itemListElement\":[{\"@type\":\"ListItem\",\"position\":1,\"name\":\"\u0411\u043b\u043e\u0433\",\"item\":\"https:\/\/hostkoss.com\/b\/uk\/\"},{\"@type\":\"ListItem\",\"position\":2,\"name\":\"Blog hostkoss.com &#8211; Wszystko o hostingu, serwerach i stronach internetowych\"}]},{\"@type\":\"WebSite\",\"@id\":\"https:\/\/hostkoss.com\/b\/#website\",\"url\":\"https:\/\/hostkoss.com\/b\/\",\"name\":\"hostkoss blog\",\"description\":\"\u041d\u0430\u0448 \u0431\u043b\u043e\u0433 \u2014 \u044d\u0442\u043e \u043c\u0435\u0441\u0442\u043e, \u0433\u0434\u0435 \u0432\u044b \u043c\u043e\u0436\u0435\u0442\u0435 \u043d\u0430\u0439\u0442\u0438 \u043f\u043e\u0441\u043b\u0435\u0434\u043d\u0438\u0435 \u043d\u043e\u0432\u043e\u0441\u0442\u0438 \u0438 \u0442\u0435\u043d\u0434\u0435\u043d\u0446\u0438\u0438 \u043e \u0441\u043e\u0437\u0434\u0430\u043d\u0438\u0438 \u0441\u0430\u0439\u0442\u043e\u0432 \u0432 \u043e\u0431\u043b\u0430\u0441\u0442\u0438 \u0445\u043e\u0441\u0442\u0438\u043d\u0433\u0430. \u0417\u0430\u0445\u043e\u0434\u0438\u0442\u0435 \u0432 \u0431\u043b\u043e\u0433 hostkoss.com\",\"publisher\":{\"@id\":\"https:\/\/hostkoss.com\/b\/#organization\"},\"potentialAction\":[{\"@type\":\"SearchAction\",\"target\":{\"@type\":\"EntryPoint\",\"urlTemplate\":\"https:\/\/hostkoss.com\/b\/?s={search_term_string}\"},\"query-input\":{\"@type\":\"PropertyValueSpecification\",\"valueRequired\":true,\"valueName\":\"search_term_string\"}}],\"inLanguage\":\"en-US\"},{\"@type\":\"Organization\",\"@id\":\"https:\/\/hostkoss.com\/b\/#organization\",\"name\":\"hostkoss\",\"url\":\"https:\/\/hostkoss.com\/b\/\",\"logo\":{\"@type\":\"ImageObject\",\"inLanguage\":\"en-US\",\"@id\":\"https:\/\/hostkoss.com\/b\/#\/schema\/logo\/image\/\",\"url\":\"https:\/\/hostkoss.com\/b\/wp-content\/uploads\/2022\/10\/150-150-hostkoss.com-logo.jpg\",\"contentUrl\":\"https:\/\/hostkoss.com\/b\/wp-content\/uploads\/2022\/10\/150-150-hostkoss.com-logo.jpg\",\"width\":150,\"height\":150,\"caption\":\"hostkoss\"},\"image\":{\"@id\":\"https:\/\/hostkoss.com\/b\/#\/schema\/logo\/image\/\"},\"sameAs\":[\"https:\/\/facebook.com\/hostkoss\/\",\"https:\/\/x.com\/hostkoss\",\"https:\/\/www.instagram.com\/hostkoss\/\",\"https:\/\/www.pinterest.com\/hostkoss\/\"]}]}<\/script>\n<!-- \/ Yoast SEO Premium plugin. -->","yoast_head_json":{"title":"Blog hostkoss.com - Wszystko o hostingu, serwerach i web-saiti","description":"Nasz blog to miejsce, w kt\u00f3rym mo\u017cna znale\u017a\u0107 najnowsze wiadomo\u015bci i trendy w budowaniu stron internetowych w bran\u017cy hostingowej. Odwied\u017a blog hostkoss.com","robots":{"index":"index","follow":"follow","max-snippet":"max-snippet:-1","max-image-preview":"max-image-preview:large","max-video-preview":"max-video-preview:-1"},"canonical":"https:\/\/hostkoss.com\/b\/pl\/","og_locale":"en_US","og_type":"article","og_title":"Blog hostkoss.com - Wszystko o hostingu, serwerach i stronach internetowych","og_description":"Nasz blog to miejsce, w kt\u00f3rym mo\u017cna znale\u017a\u0107 najnowsze wiadomo\u015bci i trendy dotycz\u0105ce hostingu stron internetowych. Odwied\u017a blog hostkoss.com","og_url":"https:\/\/hostkoss.com\/b\/pl\/","og_site_name":"hostkoss blog","article_publisher":"https:\/\/facebook.com\/hostkoss\/","article_modified_time":"2024-06-17T08:47:34+00:00","og_image":[{"width":1615,"height":775,"url":"https:\/\/hostkoss.com\/b\/wp-content\/uploads\/2024\/06\/home-hostkoss-pl.webp","type":"image\/webp"}],"twitter_card":"summary_large_image","twitter_title":"Blog hostkoss.com - Wszystko o hostingu, serwerach i stronach internetowych","twitter_description":"Nasz blog to miejsce, w kt\u00f3rym mo\u017cna znale\u017a\u0107 najnowsze wiadomo\u015bci i trendy dotycz\u0105ce hostingu stron internetowych. Odwied\u017a blog hostkoss.com","twitter_image":"https:\/\/hostkoss.com\/b\/wp-content\/uploads\/2024\/06\/home-hostkoss-pl.webp","twitter_site":"@hostkoss","twitter_misc":{"Est. reading time":"1 minute"},"schema":{"@context":"https:\/\/schema.org","@graph":[{"@type":"WebPage","@id":"https:\/\/hostkoss.com\/b\/pl\/","url":"https:\/\/hostkoss.com\/b\/pl\/","name":"Blog hostkoss.com - Wszystko o hostingu, serwerach i web-saiti","isPartOf":{"@id":"https:\/\/hostkoss.com\/b\/#website"},"primaryImageOfPage":{"@id":"https:\/\/hostkoss.com\/b\/pl\/#primaryimage"},"image":{"@id":"https:\/\/hostkoss.com\/b\/pl\/#primaryimage"},"thumbnailUrl":"https:\/\/hostkoss.com\/b\/wp-content\/uploads\/2024\/06\/home-hostkoss-en.webp","datePublished":"2022-10-31T12:52:14+00:00","dateModified":"2024-06-17T08:47:34+00:00","description":"Nasz blog to miejsce, w kt\u00f3rym mo\u017cna znale\u017a\u0107 najnowsze wiadomo\u015bci i trendy w budowaniu stron internetowych w bran\u017cy hostingowej. Odwied\u017a blog hostkoss.com","breadcrumb":{"@id":"https:\/\/hostkoss.com\/b\/pl\/#breadcrumb"},"inLanguage":"en-US","potentialAction":[{"@type":"ReadAction","target":["https:\/\/hostkoss.com\/b\/pl\/"]}]},{"@type":"ImageObject","inLanguage":"en-US","@id":"https:\/\/hostkoss.com\/b\/pl\/#primaryimage","url":"https:\/\/hostkoss.com\/b\/wp-content\/uploads\/2024\/06\/home-hostkoss-en.webp","contentUrl":"https:\/\/hostkoss.com\/b\/wp-content\/uploads\/2024\/06\/home-hostkoss-en.webp","width":1576,"height":783},{"@type":"BreadcrumbList","@id":"https:\/\/hostkoss.com\/b\/pl\/#breadcrumb","itemListElement":[{"@type":"ListItem","position":1,"name":"\u0411\u043b\u043e\u0433","item":"https:\/\/hostkoss.com\/b\/uk\/"},{"@type":"ListItem","position":2,"name":"Blog hostkoss.com &#8211; Wszystko o hostingu, serwerach i stronach internetowych"}]},{"@type":"WebSite","@id":"https:\/\/hostkoss.com\/b\/#website","url":"https:\/\/hostkoss.com\/b\/","name":"hostkoss blog","description":"\u041d\u0430\u0448 \u0431\u043b\u043e\u0433 \u2014 \u044d\u0442\u043e \u043c\u0435\u0441\u0442\u043e, \u0433\u0434\u0435 \u0432\u044b \u043c\u043e\u0436\u0435\u0442\u0435 \u043d\u0430\u0439\u0442\u0438 \u043f\u043e\u0441\u043b\u0435\u0434\u043d\u0438\u0435 \u043d\u043e\u0432\u043e\u0441\u0442\u0438 \u0438 \u0442\u0435\u043d\u0434\u0435\u043d\u0446\u0438\u0438 \u043e \u0441\u043e\u0437\u0434\u0430\u043d\u0438\u0438 \u0441\u0430\u0439\u0442\u043e\u0432 \u0432 \u043e\u0431\u043b\u0430\u0441\u0442\u0438 \u0445\u043e\u0441\u0442\u0438\u043d\u0433\u0430. \u0417\u0430\u0445\u043e\u0434\u0438\u0442\u0435 \u0432 \u0431\u043b\u043e\u0433 hostkoss.com","publisher":{"@id":"https:\/\/hostkoss.com\/b\/#organization"},"potentialAction":[{"@type":"SearchAction","target":{"@type":"EntryPoint","urlTemplate":"https:\/\/hostkoss.com\/b\/?s={search_term_string}"},"query-input":{"@type":"PropertyValueSpecification","valueRequired":true,"valueName":"search_term_string"}}],"inLanguage":"en-US"},{"@type":"Organization","@id":"https:\/\/hostkoss.com\/b\/#organization","name":"hostkoss","url":"https:\/\/hostkoss.com\/b\/","logo":{"@type":"ImageObject","inLanguage":"en-US","@id":"https:\/\/hostkoss.com\/b\/#\/schema\/logo\/image\/","url":"https:\/\/hostkoss.com\/b\/wp-content\/uploads\/2022\/10\/150-150-hostkoss.com-logo.jpg","contentUrl":"https:\/\/hostkoss.com\/b\/wp-content\/uploads\/2022\/10\/150-150-hostkoss.com-logo.jpg","width":150,"height":150,"caption":"hostkoss"},"image":{"@id":"https:\/\/hostkoss.com\/b\/#\/schema\/logo\/image\/"},"sameAs":["https:\/\/facebook.com\/hostkoss\/","https:\/\/x.com\/hostkoss","https:\/\/www.instagram.com\/hostkoss\/","https:\/\/www.pinterest.com\/hostkoss\/"]}]}},"lang":"pl","translations":{"pl":9270,"uk":1142,"ru":1129,"en":3175,"de":11712,"lv":14319,"et":16547,"lt":19016,"ro":21475,"cs":24076,"sk":26765,"hu":29370,"it":31952,"fr":35642,"tr":38552,"da":41487,"fi":44552,"id":49531},"pll_sync_post":[],"_links":{"self":[{"href":"https:\/\/hostkoss.com\/b\/wp-json\/wp\/v2\/pages\/9270","targetHints":{"allow":["GET"]}}],"collection":[{"href":"https:\/\/hostkoss.com\/b\/wp-json\/wp\/v2\/pages"}],"about":[{"href":"https:\/\/hostkoss.com\/b\/wp-json\/wp\/v2\/types\/page"}],"author":[{"embeddable":true,"href":"https:\/\/hostkoss.com\/b\/wp-json\/wp\/v2\/users\/1"}],"replies":[{"embeddable":true,"href":"https:\/\/hostkoss.com\/b\/wp-json\/wp\/v2\/comments?post=9270"}],"version-history":[{"count":1,"href":"https:\/\/hostkoss.com\/b\/wp-json\/wp\/v2\/pages\/9270\/revisions"}],"predecessor-version":[{"id":9271,"href":"https:\/\/hostkoss.com\/b\/wp-json\/wp\/v2\/pages\/9270\/revisions\/9271"}],"wp:featuredmedia":[{"embeddable":true,"href":"https:\/\/hostkoss.com\/b\/wp-json\/wp\/v2\/media\/11732"}],"wp:attachment":[{"href":"https:\/\/hostkoss.com\/b\/wp-json\/wp\/v2\/media?parent=9270"}],"curies":[{"name":"wp","href":"https:\/\/api.w.org\/{rel}","templated":true}]}}